{"id":49,"date":"2025-02-05T17:34:28","date_gmt":"2025-02-05T16:34:28","guid":{"rendered":"https:\/\/anima-therapeutes.fr\/?page_id=49"},"modified":"2025-12-15T20:46:49","modified_gmt":"2025-12-15T19:46:49","slug":"conferences","status":"publish","type":"page","link":"https:\/\/anima-therapeutes.fr\/index.php\/conferences\/","title":{"rendered":"Conf\u00e9rences"},"content":{"rendered":"\n<p>L\u2019association Anima est engag\u00e9e dans l\u2019accompagnement et la sensibilisation aux enjeux des \u00e9motions, de l\u2019hypersensibilit\u00e9 et du haut potentiel intellectuel. Dans cette d\u00e9marche, nous organisons des conf\u00e9rences ouvertes aux collectivit\u00e9s, au grand public, aux professionnels de l\u2019accompagnement, ainsi qu\u2019aux personnes concern\u00e9es directement ou indirectement par ces th\u00e9matiques.<\/p>\n\n\n\n<p>Ces conf\u00e9rences visent \u00e0 mieux comprendre les m\u00e9canismes des \u00e9motions et leur impact sur le bien-\u00eatre, \u00e0 offrir des cl\u00e9s pour appr\u00e9hender l\u2019hypersensibilit\u00e9 et \u00e0 explorer les sp\u00e9cificit\u00e9s du haut potentiel intellectuel. En tant que th\u00e9rapeutes, sp\u00e9cialis\u00e9es dans l&#8217;accompagnement des personnes sensibles et en qu\u00eate de sens, chaque rencontre est l\u2019occasion d\u2019approfondir ces sujets et de b\u00e9n\u00e9ficier de conseils pratiques pour mieux vivre ces sp\u00e9cificit\u00e9s au quotidien.<\/p>\n\n\n\n<p><strong><mark style=\"background-color:rgba(0, 0, 0, 0);color:#eba95e\" class=\"has-inline-color\">Les th\u00e8mes abord\u00e9s lors des conf\u00e9rences<\/mark><\/strong><\/p>\n\n\n\n<p>\u2022 Comprendre et g\u00e9rer ses \u00e9motions : outils et strat\u00e9gies pratiques<br>\u2022 L\u2019hypersensibilit\u00e9 : une richesse \u00e0 apprivoiser<br>\u2022 Le haut potentiel intellectuel : mythes, r\u00e9alit\u00e9s et accompagnement<br>\u2022 La place des \u00e9motions dans les relations interpersonnelles<br>\u2022 Strat\u00e9gies de gestion du stress et de l\u2019anxi\u00e9t\u00e9 chez les personnes \u00e0 haut potentiel<\/p>\n\n\n\n<p><mark style=\"background-color:rgba(0, 0, 0, 0);color:#eba95e\" class=\"has-inline-color\"><strong>\u00c0 qui s\u2019adressent ces conf\u00e9rences ?<\/strong> <\/mark><\/p>\n\n\n\n<p>Nos \u00e9v\u00e9nements sont ouverts \u00e0 tous : parents, enseignants, professionnels de la sant\u00e9 et du bien-\u00eatre, ainsi qu\u2019aux adultes et adolescents souhaitant mieux comprendre leur fonctionnement \u00e9motionnel et cognitif. Ils offrent un espace d\u2019\u00e9change bienveillant o\u00f9 chacun peut poser ses questions et partager ses exp\u00e9riences.<\/p>\n\n\n\n<p><\/p>\n\n\n\n<p><strong><mark style=\"background-color:rgba(0, 0, 0, 0);color:#eba95e\" class=\"has-inline-color\">Pourquoi participer ?<\/mark><\/strong><\/p>\n\n\n\n<p>\u2022 Mieux comprendre ses \u00e9motions et celles des autres<br>\u2022 D\u00e9couvrir des strat\u00e9gies pour mieux vivre l\u2019hypersensibilit\u00e9 et le haut potentiel<br>\u2022 \u00c9changer avec des experts et d\u2019autres personnes concern\u00e9es<br>\u2022 Trouver du soutien et des ressources adapt\u00e9es<\/p>\n\n\n\n<blockquote class=\"wp-block-quote is-layout-flow wp-block-quote-is-layout-flow\">\n<p><strong>Rejoignez-nous pour explorer ensemble ces th\u00e9matiques passionnantes et enrichir votre compr\u00e9hension des \u00e9motions, de l\u2019hypersensibilit\u00e9 et du haut potentiel. Pour conna\u00eetre les dates et modalit\u00e9s d\u2019inscription, consultez notre site web ou contactez-nous directement.<\/strong><\/p>\n<\/blockquote>\n\n\n\n<div class=\"wp-block-buttons is-layout-flex wp-block-buttons-is-layout-flex\">\n<div class=\"wp-block-button\"><a class=\"wp-block-button__link has-primary-color has-text-color has-background has-link-color has-superbfont-small-font-size has-custom-font-size wp-element-button\" href=\"https:\/\/anima-therapeutes.fr\/index.php\/contact\/\" style=\"border-top-left-radius:8px;border-top-right-radius:8px;border-bottom-left-radius:8px;border-bottom-right-radius:8px;background-color:#eba95e;padding-top:var(--wp--preset--spacing--superbspacing-xsmall);padding-right:var(--wp--preset--spacing--superbspacing-xsmall);padding-bottom:var(--wp--preset--spacing--superbspacing-xsmall);padding-left:var(--wp--preset--spacing--superbspacing-xsmall)\">CONTACTER<\/a><\/div>\n<\/div>\n\n\n\n<p><\/p>\n","protected":false},"excerpt":{"rendered":"<p>L\u2019association Anima est engag\u00e9e dans l\u2019accompagnement et la sensibilisation aux enjeux des \u00e9motions, de l\u2019hypersensibilit\u00e9 et du haut potentiel intellectuel. Dans cette d\u00e9marche, nous organisons des conf\u00e9rences ouvertes aux collectivit\u00e9s, au grand public, aux professionnels de l\u2019accompagnement, ainsi qu\u2019aux personnes concern\u00e9es directement ou indirectement par ces th\u00e9matiques. Ces conf\u00e9rences visent \u00e0 mieux comprendre les m\u00e9canismes [&hellip;]<\/p>\n","protected":false},"author":1,"featured_media":114,"parent":0,"menu_order":0,"comment_status":"closed","ping_status":"closed","template":"","meta":{"footnotes":""},"class_list":["post-49","page","type-page","status-publish","has-post-thumbnail","hentry"],"_links":{"self":[{"href":"https:\/\/anima-therapeutes.fr\/index.php\/wp-json\/wp\/v2\/pages\/49","targetHints":{"allow":["GET"]}}],"collection":[{"href":"https:\/\/anima-therapeutes.fr\/index.php\/wp-json\/wp\/v2\/pages"}],"about":[{"href":"https:\/\/anima-therapeutes.fr\/index.php\/wp-json\/wp\/v2\/types\/page"}],"author":[{"embeddable":true,"href":"https:\/\/anima-therapeutes.fr\/index.php\/wp-json\/wp\/v2\/users\/1"}],"replies":[{"embeddable":true,"href":"https:\/\/anima-therapeutes.fr\/index.php\/wp-json\/wp\/v2\/comments?post=49"}],"version-history":[{"count":7,"href":"https:\/\/anima-therapeutes.fr\/index.php\/wp-json\/wp\/v2\/pages\/49\/revisions"}],"predecessor-version":[{"id":291,"href":"https:\/\/anima-therapeutes.fr\/index.php\/wp-json\/wp\/v2\/pages\/49\/revisions\/291"}],"wp:featuredmedia":[{"embeddable":true,"href":"https:\/\/anima-therapeutes.fr\/index.php\/wp-json\/wp\/v2\/media\/114"}],"wp:attachment":[{"href":"https:\/\/anima-therapeutes.fr\/index.php\/wp-json\/wp\/v2\/media?parent=49"}],"curies":[{"name":"wp","href":"https:\/\/api.w.org\/{rel}","templated":true}]}}