{"id":34,"date":"2025-02-05T17:23:42","date_gmt":"2025-02-05T16:23:42","guid":{"rendered":"https:\/\/anima-therapeutes.fr\/?page_id=34"},"modified":"2025-12-16T13:44:30","modified_gmt":"2025-12-16T12:44:30","slug":"ateliers-parents-enfants","status":"publish","type":"page","link":"https:\/\/anima-therapeutes.fr\/index.php\/ateliers-parents-enfants\/","title":{"rendered":"Ateliers"},"content":{"rendered":"\n<p>L\u2019association Anima propose des ateliers sp\u00e9cialement con\u00e7us pour les parents et leurs enfants afin de les accompagner dans la d\u00e9couverte et la gestion des \u00e9motions, de l\u2019hypersensibilit\u00e9 et du haut potentiel intellectuel (HPI). Ces ateliers interactifs offrent un cadre bienveillant pour explorer ensemble ces th\u00e9matiques et renforcer la compr\u00e9hension mutuelle au sein de la famille.<\/p>\n\n\n\n<p>Ces sessions sont anim\u00e9es par un bin\u00f4me compos\u00e9 d&#8217;Alexandra et St\u00e9phanie qui apporteront des outils pratiques et des conseils adapt\u00e9s aux diff\u00e9rentes \u00e9tapes du d\u00e9veloppement de l\u2019enfant. Gr\u00e2ce \u00e0 des activit\u00e9s ludiques et participatives, parents et enfants apprennent \u00e0 mieux apprivoiser leurs \u00e9motions et \u00e0 valoriser leurs sp\u00e9cificit\u00e9s.<\/p>\n\n\n\n<p><strong><mark style=\"background-color:rgba(0, 0, 0, 0);color:#eba95e\" class=\"has-inline-color\">Les th\u00e8mes abord\u00e9s lors des ateliers<\/mark><\/strong><\/p>\n\n\n\n<h3 class=\"wp-block-heading\"><mark style=\"background-color:rgba(0, 0, 0, 0);color:#eba95e\" class=\"has-inline-color\"><strong>Les \u00e9motions et la communication<\/strong><\/mark><\/h3>\n\n\n\n<p>\u2022 Identifier et exprimer ses \u00e9motions de mani\u00e8re positive<br>\u2022 Am\u00e9liorer la communication et la gestion des \u00e9motions en famille<br>\u2022 Strat\u00e9gies de relaxation et de gestion du stress adapt\u00e9es aux enfants<\/p>\n\n\n\n<p><\/p>\n\n\n\n<h3 class=\"wp-block-heading\"><mark style=\"background-color:rgba(0, 0, 0, 0);color:#eba95e\" class=\"has-inline-color\"><strong>L&#8217;hypersensibilit\u00e9 et le haut potentiel<\/strong><\/mark><\/h3>\n\n\n\n<p>\u2022 Valoriser l\u2019hypersensibilit\u00e9 comme une force<br>\u2022 Comprendre et accompagner le haut potentiel intellectuel<br>\u2022 Ressources vari\u00e9es int\u00e9grer ces sp\u00e9cificit\u00e9s au quotidien \u00e0 l&#8217;\u00e9cole ou en famille<\/p>\n\n\n\n<h3 class=\"wp-block-heading\"><mark style=\"background-color:rgba(0, 0, 0, 0);color:#eba95e\" class=\"has-inline-color\"><strong>La parentalit\u00e9 et l&#8217;\u00e9ducation<\/strong><\/mark><\/h3>\n\n\n\n<p>\u2022 Comprendre les pressions et les opportunit\u00e9s d&#8217;\u00eatre parent \u00e0 notre \u00e9poque<br>\u2022 Proposer des outils concrets pour am\u00e9liorer les relations familiales<br>\u2022 D\u00e9coder les enjeux de l&#8217;\u00e9ducation face aux d\u00e9fis modernes<\/p>\n\n\n\n<p><\/p>\n\n\n\n<p><strong>\u00c0 qui s\u2019adressent ces ateliers ?<\/strong> Aux parents et \u00e0 leurs enfants, qu\u2019ils soient concern\u00e9s par l\u2019hypersensibilit\u00e9 ou le HPI, ou d\u00e9sireux d\u2019approfondir leur compr\u00e9hension des \u00e9motions et la d\u00e9couverte d&#8217;outils pratiques pour \u00eatre autonome. Ils offrent un espace d\u2019\u00e9change et d\u2019apprentissage ludique, favorisant une meilleure harmonie familiale.<\/p>\n\n\n\n<p><strong><mark style=\"background-color:rgba(0, 0, 0, 0);color:#eba95e\" class=\"has-inline-color\">Pourquoi participer ?<\/mark><\/strong><\/p>\n\n\n\n<p>\u2022 D\u00e9velopper une meilleure relation parent-enfant<br>\u2022 Acqu\u00e9rir des outils concrets pour mieux vivre les \u00e9motions au quotidien<br>\u2022 \u00c9changer avec d\u2019autres familles partageant des exp\u00e9riences similaires<br>\u2022 Cr\u00e9er un environnement familial plus apais\u00e9 et compr\u00e9hensif<\/p>\n\n\n\n<p>Rejoignez-nous pour ces moments d\u2019apprentissage et de partage enrichissants. Pour conna\u00eetre les prochaines dates et modalit\u00e9s d\u2019inscription, consultez notre site web ou contactez-nous directement.<\/p>\n\n\n\n<div class=\"wp-block-buttons is-layout-flex wp-block-buttons-is-layout-flex\">\n<div class=\"wp-block-button\"><a class=\"wp-block-button__link has-primary-color has-text-color has-background has-link-color has-superbfont-small-font-size has-custom-font-size wp-element-button\" href=\"https:\/\/anima-therapeutes.fr\/index.php\/contact\/\" style=\"border-top-left-radius:8px;border-top-right-radius:8px;border-bottom-left-radius:8px;border-bottom-right-radius:8px;background-color:#eba95e;padding-top:var(--wp--preset--spacing--superbspacing-xsmall);padding-right:var(--wp--preset--spacing--superbspacing-xsmall);padding-bottom:var(--wp--preset--spacing--superbspacing-xsmall);padding-left:var(--wp--preset--spacing--superbspacing-xsmall)\">CONTACTER<\/a><\/div>\n<\/div>\n","protected":false},"excerpt":{"rendered":"<p>L\u2019association Anima propose des ateliers sp\u00e9cialement con\u00e7us pour les parents et leurs enfants afin de les accompagner dans la d\u00e9couverte et la gestion des \u00e9motions, de l\u2019hypersensibilit\u00e9 et du haut potentiel intellectuel (HPI). Ces ateliers interactifs offrent un cadre bienveillant pour explorer ensemble ces th\u00e9matiques et renforcer la compr\u00e9hension mutuelle au sein de la famille. [&hellip;]<\/p>\n","protected":false},"author":1,"featured_media":116,"parent":0,"menu_order":0,"comment_status":"closed","ping_status":"closed","template":"","meta":{"footnotes":""},"class_list":["post-34","page","type-page","status-publish","has-post-thumbnail","hentry"],"_links":{"self":[{"href":"https:\/\/anima-therapeutes.fr\/index.php\/wp-json\/wp\/v2\/pages\/34","targetHints":{"allow":["GET"]}}],"collection":[{"href":"https:\/\/anima-therapeutes.fr\/index.php\/wp-json\/wp\/v2\/pages"}],"about":[{"href":"https:\/\/anima-therapeutes.fr\/index.php\/wp-json\/wp\/v2\/types\/page"}],"author":[{"embeddable":true,"href":"https:\/\/anima-therapeutes.fr\/index.php\/wp-json\/wp\/v2\/users\/1"}],"replies":[{"embeddable":true,"href":"https:\/\/anima-therapeutes.fr\/index.php\/wp-json\/wp\/v2\/comments?post=34"}],"version-history":[{"count":9,"href":"https:\/\/anima-therapeutes.fr\/index.php\/wp-json\/wp\/v2\/pages\/34\/revisions"}],"predecessor-version":[{"id":305,"href":"https:\/\/anima-therapeutes.fr\/index.php\/wp-json\/wp\/v2\/pages\/34\/revisions\/305"}],"wp:featuredmedia":[{"embeddable":true,"href":"https:\/\/anima-therapeutes.fr\/index.php\/wp-json\/wp\/v2\/media\/116"}],"wp:attachment":[{"href":"https:\/\/anima-therapeutes.fr\/index.php\/wp-json\/wp\/v2\/media?parent=34"}],"curies":[{"name":"wp","href":"https:\/\/api.w.org\/{rel}","templated":true}]}}