{"id":2,"date":"2025-02-04T09:22:46","date_gmt":"2025-02-04T08:22:46","guid":{"rendered":"http:\/\/anima-therapeutes.fr\/?page_id=2"},"modified":"2025-12-15T20:51:07","modified_gmt":"2025-12-15T19:51:07","slug":"page-d-exemple","status":"publish","type":"page","link":"https:\/\/anima-therapeutes.fr\/index.php\/page-d-exemple\/","title":{"rendered":"A propos"},"content":{"rendered":"\n<p><br>Fond\u00e9e et anim\u00e9e par St\u00e9phanie et Alexandra, l\u2019association ANIMA a pour mission d\u2019accompagner petits et grands sur le chemin de la compr\u00e9hension de soi et des autres.<\/p>\n\n\n\n<p>Notre rencontre est n\u00e9e d\u2019une conviction partag\u00e9e, inspir\u00e9e notamment par Jung et son concept de synchronicit\u00e9 : rien n\u2019arrive par hasard, et chaque exp\u00e9rience est une invitation \u00e0 grandir et \u00e9voluer. La vie est th\u00e9rapeutique !<\/p>\n\n\n\n<h3 class=\"wp-block-heading\"><strong><mark style=\"background-color:rgba(0, 0, 0, 0);color:#eba95e\" class=\"has-inline-color\">Notre vision<\/mark><\/strong><\/h3>\n\n\n\n<p>ANIMA, c\u2019est avant tout une aventure humaine, port\u00e9e par une conviction profonde : chaque individu poss\u00e8de en lui les cl\u00e9s pour se comprendre et mieux vivre ses particularit\u00e9s. Nous souhaitons offrir des outils pratiques, des espaces de parole et des instants de complicit\u00e9 pour que chacun, \u00e0 son rythme, puisse s\u2019\u00e9panouir pleinement.<\/p>\n\n\n\n<p><\/p>\n\n\n\n<figure class=\"wp-block-image size-full is-resized\"><img loading=\"lazy\" decoding=\"async\" width=\"770\" height=\"896\" src=\"http:\/\/anima-therapeutes.fr\/wp-content\/uploads\/2025\/03\/photo-alex-color.jpg\" alt=\"\" class=\"wp-image-184\" style=\"width:159px;height:auto\" srcset=\"https:\/\/anima-therapeutes.fr\/wp-content\/uploads\/2025\/03\/photo-alex-color.jpg 770w, https:\/\/anima-therapeutes.fr\/wp-content\/uploads\/2025\/03\/photo-alex-color-258x300.jpg 258w, https:\/\/anima-therapeutes.fr\/wp-content\/uploads\/2025\/03\/photo-alex-color-768x894.jpg 768w\" sizes=\"auto, (max-width: 770px) 100vw, 770px\" \/><\/figure>\n\n\n\n<p><strong>Alexandra Descamps<\/strong><br>Apr\u00e8s 15 ans d\u2019accompagnement en entreprise, je me consacre \u00e0 aider chacun \u00e0 se reconnecter \u00e0 sa v\u00e9ritable essence, \u00e0 identifier les schemas r\u00e9p\u00e9titifs,&nbsp; les personae auxquelles on s\u2019identifie pour se reconnecter \u00e0 sa joie profonde. Form\u00e9e \u00e0 l\u2019\u00c9cole Europ\u00e9enne de Philosophie et de Psychologie Appliqu\u00e9e (2019-2024), j\u2019int\u00e8gre les Arch\u00e9types de Jung, les cartes et les constellations pour guider parents et enfants sur leur chemin d\u2019\u00e9volution.<\/p>\n\n\n\n<figure class=\"wp-block-image size-full is-resized\"><img decoding=\"async\" src=\"https:\/\/anima-therapeutes.fr\/wp-content\/uploads\/2025\/12\/stef-portrait-NB-scaled.jpg\" alt=\"\" class=\"wp-image-273\" style=\"width:159px;height:auto\"\/><\/figure>\n\n\n\n<p><strong>St\u00e9phanie Levasseur<\/strong><br>Th\u00e9rapeute, formatrice et conf\u00e9renci\u00e8re, j\u2019ai toujours \u00e9t\u00e9 passionn\u00e9e par l\u2019\u00eatre humain et ses multiples dimensions. Avec une approche holistique qui relie le corps, l\u2019esprit et les \u00e9motions, je m\u2019appuie sur des techniques sp\u00e9cifiques telles que l\u2019hypnose, et le Lahochi, l&#8217;analyse transg\u00e9n\u00e9rationnelle et l&#8217;accompagnement centr\u00e9e sur la personne pour accompagner mes patients dans leur qu\u00eate de mieux-\u00eatre. Ma pratique repose sur une profonde \u00e9coute et une adaptation \u00e0 la singularit\u00e9 de chaque individu, afin de les guider vers plus de s\u00e9r\u00e9nit\u00e9 et de clart\u00e9 dans leur vie quotidienne.<\/p>\n\n\n\n<p><\/p>\n\n\n\n<h3 class=\"wp-block-heading\"><strong><mark style=\"background-color:rgba(0, 0, 0, 0);color:#eba95e\" class=\"has-inline-color\">Nos m\u00e9thodologies<\/mark><\/strong><\/h3>\n\n\n\n<p>\u2022 <strong>Ateliers parents-enfants<\/strong> : Un moment de partage privil\u00e9gi\u00e9 pour renforcer les liens familiaux tout en d\u00e9couvrant des outils (hypnoses, cartes, roue des \u00e9motions&#8230;) pour mieux g\u00e9rer les \u00e9motions et favoriser l\u2019\u00e9panouissement de chacun.<\/p>\n\n\n\n<p>\u2022 <strong>Conf\u00e9rences th\u00e9matiques<\/strong> : Des rencontres pour comprendre l\u2019univers des \u00e9motions, les sp\u00e9cificit\u00e9s de l\u2019hypersensibilit\u00e9 et du haut potentiel, et pour \u00e9changer autour des d\u00e9fis et des ressources que ces caract\u00e9ristiques apportent dans notre quotidien,\u00a0\u00e0 l&#8217;\u00e9cole et en famille.<\/p>\n\n\n\n<p>\u2022 <strong>Cercles de femmes<\/strong> : Un espace bienveillant et inspirant, d\u00e9di\u00e9 \u00e0 l\u2019\u00e9coute, au partage d\u2019exp\u00e9riences et \u00e0 la reconnexion \u00e0 soi, dans un cadre intime et respectueux.<\/p>\n\n\n\n<p>Rejoignez-nous dans cette belle aventure de d\u00e9couverte et de transformation ! Ensemble, apprenons \u00e0 c\u00e9l\u00e9brer nos singularit\u00e9s et \u00e0 cultiver l\u2019harmonie int\u00e9rieure et relationnelle.<\/p>\n\n\n\n<h3 class=\"wp-block-heading\"><strong><mark style=\"background-color:rgba(0, 0, 0, 0);color:#eba95e\" class=\"has-inline-color\">Pour nous suivre<\/mark><\/strong><\/h3>\n\n\n\n<p>Retrouvez-nous sur nos r\u00e9seaux sociaux ou contactez-nous directement pour d\u00e9couvrir nos prochaines dates d\u2019ateliers, conf\u00e9rences et cercles.<\/p>\n\n\n\n<p>Alexandra &amp; St\u00e9phanie<br><em>Fondatrices et animatrices d\u2019ANIMA<\/em><\/p>\n\n\n\n<p><\/p>\n\n\n\n<div class=\"wp-block-buttons has-custom-font-size has-superbfont-xxsmall-font-size is-content-justification-left is-layout-flex wp-container-core-buttons-is-layout-fc4fd283 wp-block-buttons-is-layout-flex\">\n<div class=\"wp-block-button\"><a class=\"wp-block-button__link has-primary-color has-text-color has-background has-link-color has-superbfont-small-font-size has-custom-font-size wp-element-button\" style=\"border-top-left-radius:8px;border-top-right-radius:8px;border-bottom-left-radius:8px;border-bottom-right-radius:8px;background-color:#eba95e\">Contactez-nous<\/a><\/div>\n<\/div>\n\n\n\n<p><\/p>\n","protected":false},"excerpt":{"rendered":"<p>Fond\u00e9e et anim\u00e9e par St\u00e9phanie et Alexandra, l\u2019association ANIMA a pour mission d\u2019accompagner petits et grands sur le chemin de la compr\u00e9hension de soi et des autres. Notre rencontre est n\u00e9e d\u2019une conviction partag\u00e9e, inspir\u00e9e notamment par Jung et son concept de synchronicit\u00e9 : rien n\u2019arrive par hasard, et chaque exp\u00e9rience est une invitation \u00e0 [&hellip;]<\/p>\n","protected":false},"author":1,"featured_media":256,"parent":0,"menu_order":0,"comment_status":"closed","ping_status":"open","template":"","meta":{"footnotes":""},"class_list":["post-2","page","type-page","status-publish","has-post-thumbnail","hentry"],"_links":{"self":[{"href":"https:\/\/anima-therapeutes.fr\/index.php\/wp-json\/wp\/v2\/pages\/2","targetHints":{"allow":["GET"]}}],"collection":[{"href":"https:\/\/anima-therapeutes.fr\/index.php\/wp-json\/wp\/v2\/pages"}],"about":[{"href":"https:\/\/anima-therapeutes.fr\/index.php\/wp-json\/wp\/v2\/types\/page"}],"author":[{"embeddable":true,"href":"https:\/\/anima-therapeutes.fr\/index.php\/wp-json\/wp\/v2\/users\/1"}],"replies":[{"embeddable":true,"href":"https:\/\/anima-therapeutes.fr\/index.php\/wp-json\/wp\/v2\/comments?post=2"}],"version-history":[{"count":11,"href":"https:\/\/anima-therapeutes.fr\/index.php\/wp-json\/wp\/v2\/pages\/2\/revisions"}],"predecessor-version":[{"id":297,"href":"https:\/\/anima-therapeutes.fr\/index.php\/wp-json\/wp\/v2\/pages\/2\/revisions\/297"}],"wp:featuredmedia":[{"embeddable":true,"href":"https:\/\/anima-therapeutes.fr\/index.php\/wp-json\/wp\/v2\/media\/256"}],"wp:attachment":[{"href":"https:\/\/anima-therapeutes.fr\/index.php\/wp-json\/wp\/v2\/media?parent=2"}],"curies":[{"name":"wp","href":"https:\/\/api.w.org\/{rel}","templated":true}]}}